{"id":172,"date":"2023-04-12T10:11:02","date_gmt":"2023-04-12T08:11:02","guid":{"rendered":"https:\/\/berthodtransports-dev.ch\/qualitaet\/"},"modified":"2026-01-07T09:09:24","modified_gmt":"2026-01-07T08:09:24","slug":"qualitaet","status":"publish","type":"page","link":"https:\/\/www.berthodtransports.ch\/de\/qualitaet\/","title":{"rendered":"Qualit\u00e4t"},"content":{"rendered":"<p>[et_pb_section fb_built=&#8220;1&#8243; _builder_version=&#8220;4.20.2&#8243; _module_preset=&#8220;default&#8220; background_color=&#8220;#ced1d2&#8243; global_colors_info=&#8220;{}&#8220;][et_pb_row _builder_version=&#8220;4.20.2&#8243; _module_preset=&#8220;default&#8220; global_colors_info=&#8220;{}&#8220;][et_pb_column type=&#8220;4_4&#8243; _builder_version=&#8220;4.20.2&#8243; _module_preset=&#8220;default&#8220; global_colors_info=&#8220;{}&#8220;][et_pb_text _builder_version=&#8220;4.20.2&#8243; _module_preset=&#8220;default&#8220; header_2_font=&#8220;||||||||&#8220; header_2_text_align=&#8220;center&#8220; header_2_text_color=&#8220;#0194A8&#8243; global_colors_info=&#8220;{}&#8220;]<\/p>\n<h2>UNSERE ENGAGEMENT F\u00dcR DIE UMWELT<\/h2>\n<p>[\/et_pb_text][et_pb_text _builder_version=&#8220;4.20.2&#8243; _module_preset=&#8220;default&#8220; header_2_font=&#8220;||||||||&#8220; header_2_text_align=&#8220;center&#8220; header_2_text_color=&#8220;#0194A8&#8243; header_3_font=&#8220;|300|||||||&#8220; header_3_text_align=&#8220;center&#8220; header_3_text_color=&#8220;#0194A8&#8243; global_colors_info=&#8220;{}&#8220;]<\/p>\n<h3>Mehr als Zertifikate, mehr als nur \u201ePapier\u201c<\/h3>\n<p>[\/et_pb_text][\/et_pb_column][\/et_pb_row][et_pb_row _builder_version=&#8220;4.20.2&#8243; _module_preset=&#8220;default&#8220; global_colors_info=&#8220;{}&#8220;][et_pb_column type=&#8220;4_4&#8243; _builder_version=&#8220;4.20.2&#8243; _module_preset=&#8220;default&#8220; global_colors_info=&#8220;{}&#8220;][et_pb_text _builder_version=&#8220;4.20.2&#8243; _module_preset=&#8220;default&#8220; header_5_font=&#8220;|300|||||||&#8220; header_5_text_align=&#8220;center&#8220; header_5_text_color=&#8220;#0194A8&#8243; text_orientation=&#8220;center&#8220; global_colors_info=&#8220;{}&#8220;]<\/p>\n<h5>ISO 14001<\/h5>\n<p>Die erfolgreiche Zertifizierung nach ISO 14001 ist ein Beleg f\u00fcr unser Engagement und die Einf\u00fchrung von Umweltmanagementsystemen mit dem Ziel, unseren Beitrag f\u00fcr eine nachhaltige Entwicklung zu leisten.<\/p>\n<h5>AUSZEICHNUNG MIT DEM LABEL VALAIS EXCELLENCE<\/h5>\n<p>Im Jahr 2013 wurde Berthod Transports SA mit dem Preis der Jury im Rahmen der Zertifizierung Valais excellence f\u00fcr seine Umweltpolitik ausgezeichnet. Ein Beispiel f\u00fcr diese Umweltpolitik ist die Bereitschaft, die Geschwindigkeit unserer Fahrzeuge um 3 km\/h zu verringern, um eine Kraftstoffersparnis von 3 Litern auf 100 km ohne Verlust der Produktivit\u00e4t zu erreichen.<\/p>\n<h5>SORGF\u00c4LTIGE AUSWAHL VON FAHRZEUGEN, ROUTEN UND BETRIEBSWEISE<\/h5>\n<p>In der Praxis greifen wir sehr fr\u00fch auf das GPS-System zur\u00fcck. Dieses kontrolliert permanent die Fahrwege unserer Fahrzeuge und stellt sicher, dass unn\u00f6tiger Kraftstoffverbrauch und \u00fcberfl\u00fcssige Kilometer vermieden werden. Auf der anderen Seite entspricht fast unsere gesamte LKW-Flotte der Euro-6-Norm, die die Kohlendioxidemissionen stark begrenzt.<\/p>\n<p>[\/et_pb_text][et_pb_button button_url=&#8220;https:\/\/www.berthodtransports.ch\/wp-content\/uploads\/2025\/11\/5.2_2024_Politique-entreprise-Berthod.pdf&#8220; url_new_window=&#8220;on&#8220; button_text=&#8220;Unsere Charta&#8220; button_alignment=&#8220;center&#8220; _builder_version=&#8220;4.27.4&#8243; _module_preset=&#8220;default&#8220; custom_button=&#8220;on&#8220; hover_enabled=&#8220;0&#8243; global_colors_info=&#8220;{}&#8220; sticky_enabled=&#8220;0&#8243;][\/et_pb_button][\/et_pb_column][\/et_pb_row][\/et_pb_section][et_pb_section fb_built=&#8220;1&#8243; _builder_version=&#8220;4.20.2&#8243; _module_preset=&#8220;default&#8220; global_colors_info=&#8220;{}&#8220;][et_pb_row _builder_version=&#8220;4.20.2&#8243; _module_preset=&#8220;default&#8220; global_colors_info=&#8220;{}&#8220;][et_pb_column type=&#8220;4_4&#8243; _builder_version=&#8220;4.20.2&#8243; _module_preset=&#8220;default&#8220; global_colors_info=&#8220;{}&#8220;][et_pb_text _builder_version=&#8220;4.20.2&#8243; _module_preset=&#8220;default&#8220; header_2_font=&#8220;||||||||&#8220; header_2_text_align=&#8220;center&#8220; header_2_text_color=&#8220;#0194A8&#8243; global_colors_info=&#8220;{}&#8220;]<\/p>\n<h2>UNSERE KNOW-HOW IN DER MECHANIK<\/h2>\n<p>[\/et_pb_text][et_pb_text _builder_version=&#8220;4.20.2&#8243; _module_preset=&#8220;default&#8220; header_2_font=&#8220;||||||||&#8220; header_2_text_align=&#8220;center&#8220; header_2_text_color=&#8220;#0194A8&#8243; header_3_font=&#8220;|300|||||||&#8220; header_3_text_align=&#8220;center&#8220; header_3_text_color=&#8220;#0194A8&#8243; global_colors_info=&#8220;{}&#8220;]<\/p>\n<h3>Ein entscheidender Erfolgsfaktor<\/h3>\n<p>[\/et_pb_text][\/et_pb_column][\/et_pb_row][et_pb_row column_structure=&#8220;2_5,3_5&#8243; use_custom_gutter=&#8220;on&#8220; gutter_width=&#8220;2&#8243; make_equal=&#8220;on&#8220; _builder_version=&#8220;4.20.2&#8243; _module_preset=&#8220;default&#8220; global_colors_info=&#8220;{}&#8220;][et_pb_column type=&#8220;2_5&#8243; _builder_version=&#8220;4.20.2&#8243; _module_preset=&#8220;default&#8220; global_colors_info=&#8220;{}&#8220;][et_pb_image src=&#8220;https:\/\/www.berthodtransports.ch\/wp-content\/uploads\/2023\/04\/Mega6.jpg&#8220; alt=&#8220;Camion Berthod Transports&#8220; align=&#8220;center&#8220; _builder_version=&#8220;4.20.2&#8243; _module_preset=&#8220;default&#8220; width_tablet=&#8220;85%&#8220; width_phone=&#8220;100%&#8220; width_last_edited=&#8220;on|phone&#8220; global_colors_info=&#8220;{}&#8220;][\/et_pb_image][\/et_pb_column][et_pb_column type=&#8220;3_5&#8243; _builder_version=&#8220;4.20.2&#8243; _module_preset=&#8220;default&#8220; custom_css_main_element=&#8220;margin:auto;&#8220; global_colors_info=&#8220;{}&#8220;][et_pb_text _builder_version=&#8220;4.20.2&#8243; _module_preset=&#8220;default&#8220; global_colors_info=&#8220;{}&#8220;]<\/p>\n<p>Wir bei Berthod Transports SA haben verstanden, dass der Mechanik noch lange Zeit eine hohe Bedeutung zukommt. Die Fahrzeuge sind noch weit davon entfernt, mit Technologien ausgestattet zu werden, mit denen sie sich fahrerlos fortbewegen k\u00f6nnen, und die Frage, mit welcher Mechanik und welcher Energie sie bewegt werden, wird immer im Raum stehen und ist entscheidend. Pannen und Unf\u00e4lle m\u00fcssen unter allen Umst\u00e4nden vermieden werden, damit wir unsere Auftr\u00e4ge ordnungsgem\u00e4\u00df erf\u00fcllen, Lieferzeiten garantieren und die Sicherheit der anderen Verkehrsteilnehmer gew\u00e4hrleisten k\u00f6nnen. Hierin liegt die gro\u00dfe Verantwortung unserer Werkstatt.<\/p>\n<p>[\/et_pb_text][\/et_pb_column][\/et_pb_row][\/et_pb_section][et_pb_section fb_built=&#8220;1&#8243; _builder_version=&#8220;4.20.2&#8243; _module_preset=&#8220;default&#8220; global_colors_info=&#8220;{}&#8220;][et_pb_row _builder_version=&#8220;4.20.2&#8243; _module_preset=&#8220;default&#8220; global_colors_info=&#8220;{}&#8220;][et_pb_column type=&#8220;4_4&#8243; _builder_version=&#8220;4.20.2&#8243; _module_preset=&#8220;default&#8220; global_colors_info=&#8220;{}&#8220;][et_pb_text _builder_version=&#8220;4.20.2&#8243; _module_preset=&#8220;default&#8220; header_2_font=&#8220;||||||||&#8220; header_2_text_align=&#8220;center&#8220; header_2_text_color=&#8220;#0194A8&#8243; global_colors_info=&#8220;{}&#8220;]<\/p>\n<h2>UNSERE AUSBILDUNGSPFLICHT<\/h2>\n<p>[\/et_pb_text][et_pb_text _builder_version=&#8220;4.20.2&#8243; _module_preset=&#8220;default&#8220; header_2_font=&#8220;||||||||&#8220; header_2_text_align=&#8220;center&#8220; header_2_text_color=&#8220;#0194A8&#8243; header_3_font=&#8220;|300|||||||&#8220; header_3_text_align=&#8220;center&#8220; header_3_text_color=&#8220;#0194A8&#8243; global_colors_info=&#8220;{}&#8220;]<\/p>\n<h3>Mit einer sich stetig ver\u00e4ndernden Welt Schritt halten<\/h3>\n<p>[\/et_pb_text][\/et_pb_column][\/et_pb_row][et_pb_row column_structure=&#8220;3_5,2_5&#8243; use_custom_gutter=&#8220;on&#8220; gutter_width=&#8220;2&#8243; make_equal=&#8220;on&#8220; module_class=&#8220;rev-col-mob&#8220; _builder_version=&#8220;4.20.2&#8243; _module_preset=&#8220;default&#8220; global_colors_info=&#8220;{}&#8220;][et_pb_column type=&#8220;3_5&#8243; _builder_version=&#8220;4.20.2&#8243; _module_preset=&#8220;default&#8220; custom_css_main_element=&#8220;margin:auto;&#8220; global_colors_info=&#8220;{}&#8220;][et_pb_text _builder_version=&#8220;4.20.2&#8243; _module_preset=&#8220;default&#8220; global_colors_info=&#8220;{}&#8220;]<\/p>\n<p>Jeder, der in einer sich st\u00e4ndig wandelnden technologischen Welt t\u00e4tig ist, muss wachsam bleiben. Wir haben die Pflicht, uns selbst zu informieren und uns kontinuierlich \u00fcber Fortschritte und Ver\u00e4nderungen aller Art auf dem Laufenden zu halten, wobei unsere besondere Aufmerksamkeit jedoch im Wesentlichen den \u00f6konomischen, rechtlichen und technologischen Ver\u00e4nderungen gilt. In diesem Rahmen stellt Berthod Transports SA intern eine Reihe von Schulungsthemen zusammen, damit alle Mitarbeiter in ihren jeweiligen Bereichen auf dem neuesten Stand sind.<\/p>\n<p>[\/et_pb_text][\/et_pb_column][et_pb_column type=&#8220;2_5&#8243; _builder_version=&#8220;4.20.2&#8243; _module_preset=&#8220;default&#8220; global_colors_info=&#8220;{}&#8220;][et_pb_image src=&#8220;https:\/\/www.berthodtransports.ch\/wp-content\/uploads\/2023\/04\/128.jpg&#8220; alt=&#8220;Bureau Berthod Transports&#8220; align=&#8220;center&#8220; _builder_version=&#8220;4.20.2&#8243; _module_preset=&#8220;default&#8220; width_tablet=&#8220;85%&#8220; width_phone=&#8220;100%&#8220; width_last_edited=&#8220;on|phone&#8220; custom_margin=&#8220;||25px||false|false&#8220; global_colors_info=&#8220;{}&#8220;][\/et_pb_image][\/et_pb_column][\/et_pb_row][\/et_pb_section]<\/p>\n","protected":false},"excerpt":{"rendered":"<p>UNSERE ENGAGEMENT F\u00dcR DIE UMWELTMehr als Zertifikate, mehr als nur \u201ePapier\u201cISO 14001 Die erfolgreiche Zertifizierung nach ISO 14001 ist ein Beleg f\u00fcr unser Engagement und die Einf\u00fchrung von Umweltmanagementsystemen mit dem Ziel, unseren Beitrag f\u00fcr eine nachhaltige Entwicklung zu leisten. AUSZEICHNUNG MIT DEM LABEL VALAIS EXCELLENCE Im Jahr 2013 wurde Berthod Transports SA mit dem [&hellip;]<\/p>\n","protected":false},"author":2,"featured_media":0,"parent":0,"menu_order":0,"comment_status":"closed","ping_status":"closed","template":"","meta":{"_et_pb_use_builder":"on","_et_pb_old_content":"","_et_gb_content_width":"","footnotes":""},"class_list":["post-172","page","type-page","status-publish","hentry"],"yoast_head":"<!-- This site is optimized with the Yoast SEO plugin v27.3 - https:\/\/yoast.com\/product\/yoast-seo-wordpress\/ -->\n<title>Qualit\u00e4t - Berthod Transports<\/title>\n<meta name=\"description\" content=\"Berthod Transports verfolgt einen umweltbewussten Ansatz, z. B. mit dem Erhalt des ISO 14001-Labels, der Zertifizierung Valais Excellence usw\" \/>\n<meta name=\"robots\" content=\"index, follow, max-snippet:-1, max-image-preview:large, max-video-preview:-1\" \/>\n<link rel=\"canonical\" href=\"https:\/\/www.berthodtransports.ch\/de\/qualitaet\/\" \/>\n<meta property=\"og:locale\" content=\"de_DE\" \/>\n<meta property=\"og:type\" content=\"article\" \/>\n<meta property=\"og:title\" content=\"Qualit\u00e4t - Berthod Transports\" \/>\n<meta property=\"og:description\" content=\"Berthod Transports verfolgt einen umweltbewussten Ansatz, z. B. mit dem Erhalt des ISO 14001-Labels, der Zertifizierung Valais Excellence usw\" \/>\n<meta property=\"og:url\" content=\"https:\/\/www.berthodtransports.ch\/de\/qualitaet\/\" \/>\n<meta property=\"og:site_name\" content=\"Berthod Transports\" \/>\n<meta property=\"article:publisher\" content=\"https:\/\/fr-fr.facebook.com\/BerthodTransports\/\" \/>\n<meta property=\"article:modified_time\" content=\"2026-01-07T08:09:24+00:00\" \/>\n<meta property=\"og:image\" content=\"https:\/\/www.berthodtransports.ch\/wp-content\/uploads\/2023\/11\/logo_berthod-transports.png\" \/>\n\t<meta property=\"og:image:width\" content=\"1200\" \/>\n\t<meta property=\"og:image:height\" content=\"675\" \/>\n\t<meta property=\"og:image:type\" content=\"image\/png\" \/>\n<meta name=\"twitter:card\" content=\"summary_large_image\" \/>\n<meta name=\"twitter:label1\" content=\"Gesch\u00e4tzte Lesezeit\" \/>\n\t<meta name=\"twitter:data1\" content=\"5\u00a0Minuten\" \/>\n<script type=\"application\/ld+json\" class=\"yoast-schema-graph\">{\"@context\":\"https:\\\/\\\/schema.org\",\"@graph\":[{\"@type\":\"WebPage\",\"@id\":\"https:\\\/\\\/www.berthodtransports.ch\\\/de\\\/qualitaet\\\/\",\"url\":\"https:\\\/\\\/www.berthodtransports.ch\\\/de\\\/qualitaet\\\/\",\"name\":\"Qualit\u00e4t - Berthod Transports\",\"isPartOf\":{\"@id\":\"https:\\\/\\\/www.berthodtransports.ch\\\/de\\\/#website\"},\"datePublished\":\"2023-04-12T08:11:02+00:00\",\"dateModified\":\"2026-01-07T08:09:24+00:00\",\"description\":\"Berthod Transports verfolgt einen umweltbewussten Ansatz, z. B. mit dem Erhalt des ISO 14001-Labels, der Zertifizierung Valais Excellence usw\",\"breadcrumb\":{\"@id\":\"https:\\\/\\\/www.berthodtransports.ch\\\/de\\\/qualitaet\\\/#breadcrumb\"},\"inLanguage\":\"de\",\"potentialAction\":[{\"@type\":\"ReadAction\",\"target\":[\"https:\\\/\\\/www.berthodtransports.ch\\\/de\\\/qualitaet\\\/\"]}]},{\"@type\":\"BreadcrumbList\",\"@id\":\"https:\\\/\\\/www.berthodtransports.ch\\\/de\\\/qualitaet\\\/#breadcrumb\",\"itemListElement\":[{\"@type\":\"ListItem\",\"position\":1,\"name\":\"Accueil\",\"item\":\"https:\\\/\\\/www.berthodtransports.ch\\\/de\\\/starseite\\\/\"},{\"@type\":\"ListItem\",\"position\":2,\"name\":\"Qualit\u00e4t\"}]},{\"@type\":\"WebSite\",\"@id\":\"https:\\\/\\\/www.berthodtransports.ch\\\/de\\\/#website\",\"url\":\"https:\\\/\\\/www.berthodtransports.ch\\\/de\\\/\",\"name\":\"Berthod Transports\",\"description\":\"\",\"publisher\":{\"@id\":\"https:\\\/\\\/www.berthodtransports.ch\\\/de\\\/#organization\"},\"potentialAction\":[{\"@type\":\"SearchAction\",\"target\":{\"@type\":\"EntryPoint\",\"urlTemplate\":\"https:\\\/\\\/www.berthodtransports.ch\\\/de\\\/?s={search_term_string}\"},\"query-input\":{\"@type\":\"PropertyValueSpecification\",\"valueRequired\":true,\"valueName\":\"search_term_string\"}}],\"inLanguage\":\"de\"},{\"@type\":\"Organization\",\"@id\":\"https:\\\/\\\/www.berthodtransports.ch\\\/de\\\/#organization\",\"name\":\"Berthod Transports\",\"url\":\"https:\\\/\\\/www.berthodtransports.ch\\\/de\\\/\",\"logo\":{\"@type\":\"ImageObject\",\"inLanguage\":\"de\",\"@id\":\"https:\\\/\\\/www.berthodtransports.ch\\\/de\\\/#\\\/schema\\\/logo\\\/image\\\/\",\"url\":\"https:\\\/\\\/www.berthodtransports.ch\\\/wp-content\\\/uploads\\\/2023\\\/11\\\/logo-berthod-transports.png\",\"contentUrl\":\"https:\\\/\\\/www.berthodtransports.ch\\\/wp-content\\\/uploads\\\/2023\\\/11\\\/logo-berthod-transports.png\",\"width\":450,\"height\":200,\"caption\":\"Berthod Transports\"},\"image\":{\"@id\":\"https:\\\/\\\/www.berthodtransports.ch\\\/de\\\/#\\\/schema\\\/logo\\\/image\\\/\"},\"sameAs\":[\"https:\\\/\\\/fr-fr.facebook.com\\\/BerthodTransports\\\/\",\"https:\\\/\\\/www.instagram.com\\\/berthodtransports\\\/\"]}]}<\/script>\n<!-- \/ Yoast SEO plugin. -->","yoast_head_json":{"title":"Qualit\u00e4t - Berthod Transports","description":"Berthod Transports verfolgt einen umweltbewussten Ansatz, z. B. mit dem Erhalt des ISO 14001-Labels, der Zertifizierung Valais Excellence usw","robots":{"index":"index","follow":"follow","max-snippet":"max-snippet:-1","max-image-preview":"max-image-preview:large","max-video-preview":"max-video-preview:-1"},"canonical":"https:\/\/www.berthodtransports.ch\/de\/qualitaet\/","og_locale":"de_DE","og_type":"article","og_title":"Qualit\u00e4t - Berthod Transports","og_description":"Berthod Transports verfolgt einen umweltbewussten Ansatz, z. B. mit dem Erhalt des ISO 14001-Labels, der Zertifizierung Valais Excellence usw","og_url":"https:\/\/www.berthodtransports.ch\/de\/qualitaet\/","og_site_name":"Berthod Transports","article_publisher":"https:\/\/fr-fr.facebook.com\/BerthodTransports\/","article_modified_time":"2026-01-07T08:09:24+00:00","og_image":[{"width":1200,"height":675,"url":"https:\/\/www.berthodtransports.ch\/wp-content\/uploads\/2023\/11\/logo_berthod-transports.png","type":"image\/png"}],"twitter_card":"summary_large_image","twitter_misc":{"Gesch\u00e4tzte Lesezeit":"5\u00a0Minuten"},"schema":{"@context":"https:\/\/schema.org","@graph":[{"@type":"WebPage","@id":"https:\/\/www.berthodtransports.ch\/de\/qualitaet\/","url":"https:\/\/www.berthodtransports.ch\/de\/qualitaet\/","name":"Qualit\u00e4t - Berthod Transports","isPartOf":{"@id":"https:\/\/www.berthodtransports.ch\/de\/#website"},"datePublished":"2023-04-12T08:11:02+00:00","dateModified":"2026-01-07T08:09:24+00:00","description":"Berthod Transports verfolgt einen umweltbewussten Ansatz, z. B. mit dem Erhalt des ISO 14001-Labels, der Zertifizierung Valais Excellence usw","breadcrumb":{"@id":"https:\/\/www.berthodtransports.ch\/de\/qualitaet\/#breadcrumb"},"inLanguage":"de","potentialAction":[{"@type":"ReadAction","target":["https:\/\/www.berthodtransports.ch\/de\/qualitaet\/"]}]},{"@type":"BreadcrumbList","@id":"https:\/\/www.berthodtransports.ch\/de\/qualitaet\/#breadcrumb","itemListElement":[{"@type":"ListItem","position":1,"name":"Accueil","item":"https:\/\/www.berthodtransports.ch\/de\/starseite\/"},{"@type":"ListItem","position":2,"name":"Qualit\u00e4t"}]},{"@type":"WebSite","@id":"https:\/\/www.berthodtransports.ch\/de\/#website","url":"https:\/\/www.berthodtransports.ch\/de\/","name":"Berthod Transports","description":"","publisher":{"@id":"https:\/\/www.berthodtransports.ch\/de\/#organization"},"potentialAction":[{"@type":"SearchAction","target":{"@type":"EntryPoint","urlTemplate":"https:\/\/www.berthodtransports.ch\/de\/?s={search_term_string}"},"query-input":{"@type":"PropertyValueSpecification","valueRequired":true,"valueName":"search_term_string"}}],"inLanguage":"de"},{"@type":"Organization","@id":"https:\/\/www.berthodtransports.ch\/de\/#organization","name":"Berthod Transports","url":"https:\/\/www.berthodtransports.ch\/de\/","logo":{"@type":"ImageObject","inLanguage":"de","@id":"https:\/\/www.berthodtransports.ch\/de\/#\/schema\/logo\/image\/","url":"https:\/\/www.berthodtransports.ch\/wp-content\/uploads\/2023\/11\/logo-berthod-transports.png","contentUrl":"https:\/\/www.berthodtransports.ch\/wp-content\/uploads\/2023\/11\/logo-berthod-transports.png","width":450,"height":200,"caption":"Berthod Transports"},"image":{"@id":"https:\/\/www.berthodtransports.ch\/de\/#\/schema\/logo\/image\/"},"sameAs":["https:\/\/fr-fr.facebook.com\/BerthodTransports\/","https:\/\/www.instagram.com\/berthodtransports\/"]}]}},"_links":{"self":[{"href":"https:\/\/www.berthodtransports.ch\/de\/wp-json\/wp\/v2\/pages\/172","targetHints":{"allow":["GET"]}}],"collection":[{"href":"https:\/\/www.berthodtransports.ch\/de\/wp-json\/wp\/v2\/pages"}],"about":[{"href":"https:\/\/www.berthodtransports.ch\/de\/wp-json\/wp\/v2\/types\/page"}],"author":[{"embeddable":true,"href":"https:\/\/www.berthodtransports.ch\/de\/wp-json\/wp\/v2\/users\/2"}],"replies":[{"embeddable":true,"href":"https:\/\/www.berthodtransports.ch\/de\/wp-json\/wp\/v2\/comments?post=172"}],"version-history":[{"count":7,"href":"https:\/\/www.berthodtransports.ch\/de\/wp-json\/wp\/v2\/pages\/172\/revisions"}],"predecessor-version":[{"id":2076,"href":"https:\/\/www.berthodtransports.ch\/de\/wp-json\/wp\/v2\/pages\/172\/revisions\/2076"}],"wp:attachment":[{"href":"https:\/\/www.berthodtransports.ch\/de\/wp-json\/wp\/v2\/media?parent=172"}],"curies":[{"name":"wp","href":"https:\/\/api.w.org\/{rel}","templated":true}]}}